{"id":9,"date":"2017-08-01T12:13:16","date_gmt":"2017-08-01T12:13:16","guid":{"rendered":"http:\/\/notariaholgado.com.pe\/?page_id=9"},"modified":"2024-10-07T21:34:16","modified_gmt":"2024-10-07T21:34:16","slug":"about","status":"publish","type":"page","link":"https:\/\/notariaholgado.com.pe\/?page_id=9","title":{"rendered":"NOSOTROS"},"content":{"rendered":"<p style=\"margin: 0cm 0cm 11.25pt; font-size: medium; font-family: Calibri, sans-serif; caret-color: #000000; color: #000000;\">Ante los cambios que afrontamos y fieles a la seguridad jur\u00eddica como baluarte fundamental, nos complace darle la m\u00e1s cordial bienvenida a la plataforma virtual de <strong>\u201cNotar\u00eda Holgado\u201d<\/strong>, en la que usted encontrar\u00e1 informaci\u00f3n respecto de los tr\u00e1mites notariales que realizamos, con el prop\u00f3sito de servirlo con la cordialidad y eficiencia de siempre; para ello contamos con un equipo profesional dispuesto a contribuir con la satisfacci\u00f3n de sus necesidades, a trav\u00e9s de la confianza que usted deposite en nosotros.<\/p>\n<p style=\"margin: 0cm 0cm 11.25pt; font-size: medium; font-family: Calibri, sans-serif; caret-color: #000000; color: #000000;\">\n<figure>\n\t\t\t\t\t\t\t\t\t\t<img loading=\"lazy\" decoding=\"async\" width=\"225\" height=\"300\" src=\"http:\/\/notariaholgado.com.pe\/wp-content\/uploads\/2020\/05\/15112017-IMG_6058-225x300.jpg\" alt=\"\" srcset=\"https:\/\/notariaholgado.com.pe\/wp-content\/uploads\/2020\/05\/15112017-IMG_6058-225x300.jpg 225w, https:\/\/notariaholgado.com.pe\/wp-content\/uploads\/2020\/05\/15112017-IMG_6058-768x1024.jpg 768w, https:\/\/notariaholgado.com.pe\/wp-content\/uploads\/2020\/05\/15112017-IMG_6058-203x270.jpg 203w, https:\/\/notariaholgado.com.pe\/wp-content\/uploads\/2020\/05\/15112017-IMG_6058.jpg 1152w\" sizes=\"(max-width: 225px) 100vw, 225px\"><figcaption>Abog. Lisbeth Holgado Noa de C\u00e1ceres<\/figcaption><\/figure>\n<h2>MISI\u00d3N<\/h2>\n<p>Dotar de seguridad jur\u00eddica a los actos que contengan su real voluntad, haci\u00e9ndolos imperecederos en el tiempo a trav\u00e9s de la formalidad exigida por ley.<\/p>\n<h2>VISI\u00d3N<\/h2>\n<p>Queremos formar parte de los grandes cambios en su vida, siendo su reconocimiento y satisfacci\u00f3n, nuestra mejor recompensa.<\/p>\n<h2>ROL<\/h2>\n<p>Inculcar en nuestros colaboradores principios y valores para actuar con rectitud y lealtad.<br \/>\nDar el tiempo suficiente a cada usuario, propendiendo a la escucha para dotar de forma a su real voluntad.<br \/>\nEscuchar de manera personalizada a los usuarios, a fin de orientar de manera imparcial respecto de las implicancias de los actos jur\u00eddicos a celebrar.<br \/>\nCapacitar permanentemente al personal a cargo, mejorando sus aptitudes en post de prestar un servicio \u00f3ptimo y de calidad.<\/p>\n","protected":false},"excerpt":{"rendered":"<p>Ante los cambios que afrontamos y fieles a la seguridad jur\u00eddica como baluarte fundamental, nos complace darle la m\u00e1s cordial bienvenida a la plataforma virtual de \u201cNotar\u00eda Holgado\u201d, en la que usted encontrar\u00e1 informaci\u00f3n respecto de los tr\u00e1mites notariales que <a href=\"https:\/\/notariaholgado.com.pe\/?page_id=9\" class=\"read-more\">Seguir Leyendo&#8230;<\/a><\/p>\n","protected":false},"author":1,"featured_media":0,"parent":0,"menu_order":0,"comment_status":"closed","ping_status":"closed","template":"","meta":{"footnotes":""},"class_list":["post-9","page","type-page","status-publish","hentry"],"_links":{"self":[{"href":"https:\/\/notariaholgado.com.pe\/index.php?rest_route=\/wp\/v2\/pages\/9"}],"collection":[{"href":"https:\/\/notariaholgado.com.pe\/index.php?rest_route=\/wp\/v2\/pages"}],"about":[{"href":"https:\/\/notariaholgado.com.pe\/index.php?rest_route=\/wp\/v2\/types\/page"}],"author":[{"embeddable":true,"href":"https:\/\/notariaholgado.com.pe\/index.php?rest_route=\/wp\/v2\/users\/1"}],"replies":[{"embeddable":true,"href":"https:\/\/notariaholgado.com.pe\/index.php?rest_route=%2Fwp%2Fv2%2Fcomments&post=9"}],"version-history":[{"count":28,"href":"https:\/\/notariaholgado.com.pe\/index.php?rest_route=\/wp\/v2\/pages\/9\/revisions"}],"predecessor-version":[{"id":1574,"href":"https:\/\/notariaholgado.com.pe\/index.php?rest_route=\/wp\/v2\/pages\/9\/revisions\/1574"}],"wp:attachment":[{"href":"https:\/\/notariaholgado.com.pe\/index.php?rest_route=%2Fwp%2Fv2%2Fmedia&parent=9"}],"curies":[{"name":"wp","href":"https:\/\/api.w.org\/{rel}","templated":true}]}}