{"id":1136,"date":"2020-05-19T05:11:20","date_gmt":"2020-05-19T05:11:20","guid":{"rendered":"http:\/\/notariaholgado.com.pe\/?page_id=1136"},"modified":"2020-06-01T04:12:23","modified_gmt":"2020-06-01T04:12:23","slug":"subdivision","status":"publish","type":"page","link":"https:\/\/notariaholgado.com.pe\/?page_id=1136","title":{"rendered":"SUBDIVISI\u00d3N:"},"content":{"rendered":"\t\t<div data-elementor-type=\"wp-page\" data-elementor-id=\"1136\" class=\"elementor elementor-1136\" data-elementor-settings=\"[]\">\n\t\t\t<div class=\"elementor-inner\">\n\t\t\t\t<div class=\"elementor-section-wrap\">\n\t\t\t\t\t\t\t<section class=\"elementor-element elementor-element-bbdcda4 elementor-section-boxed elementor-section-height-default elementor-section-height-default elementor-section elementor-top-section\" data-id=\"bbdcda4\" data-element_type=\"section\">\n\t\t\t\t\t\t<div class=\"elementor-container elementor-column-gap-default\">\n\t\t\t\t<div class=\"elementor-row\">\n\t\t\t\t<div class=\"elementor-element elementor-element-6bca056 elementor-column elementor-col-100 elementor-top-column\" data-id=\"6bca056\" data-element_type=\"column\">\n\t\t\t<div class=\"elementor-column-wrap  elementor-element-populated\">\n\t\t\t\t\t<div class=\"elementor-widget-wrap\">\n\t\t\t\t<div class=\"elementor-element elementor-element-99b2833 elementor-widget elementor-widget-heading\" data-id=\"99b2833\" data-element_type=\"widget\" data-widget_type=\"heading.default\">\n\t\t\t\t<div class=\"elementor-widget-container\">\n\t\t\t<h2 class=\"elementor-heading-title elementor-size-default\">REQUISITOS PARA TOMAR EN CUENTA EN TODOS LOS ACTOS:<\/h2>\t\t<\/div>\n\t\t\t\t<\/div>\n\t\t\t\t<div class=\"elementor-element elementor-element-e3bf69b elementor-widget elementor-widget-text-editor\" data-id=\"e3bf69b\" data-element_type=\"widget\" data-widget_type=\"text-editor.default\">\n\t\t\t\t<div class=\"elementor-widget-container\">\n\t\t\t\t\t<div class=\"elementor-text-editor elementor-clearfix\"><ul>\n \t<li style=\"list-style-type: none;\">\n<ul>\n \t<li>Clientes de la tercera edad: la Notaria a discrecionalidad y de considerarlo necesario podr\u00e1 requerir, certificado de Salud Mental otorgado por M\u00e9dico Neur\u00f3logo o Psiquiatra, visado por la Direcci\u00f3n Regional de Salud, en ella se deber\u00e1 acreditar que el otorgante se encuentra mentalmente sano, en pleno uso de sus facultades mentales, orientado en tiempo y espacio.<\/li>\n \t<li>Clientes que act\u00faen mediante representaci\u00f3n: Adjuntar testimonio original de la Escritura de Poder y Vigencia de Poder original con una antig\u00fcedad no mayor a 30 d\u00edas de haber sido emitida.<\/li>\n \t<li>Clientes iletrados: Deber\u00e1n estar acompa\u00f1ados de un Testigo a Ruego.<\/li>\n \t<li>Clientes extranjeros: Deber\u00e1n presentar Carn\u00e9 de extranjer\u00eda y\/o pasaporte con autorizaci\u00f3n para suscribir contratos en el Per\u00fa, adicionalmente de ser necesario y a criterio de la Notaria deber\u00e1 presentar C\u00e9dula de Identificaci\u00f3n del pa\u00eds de origen e intervenci\u00f3n de testigos de identidad.<\/li>\n \t<li>Documento Nacional de Identidad vigente y con holograma de sufragio o en su defecto que el titular no cuente con multas electorales; en caso el Documento Nacional de Identidad se encuentre caduco deber\u00e1 presentar voucher de tr\u00e1mite de renovaci\u00f3n.<\/li>\n \t<li>Formato virtual de minuta o solicitud y\/o acta u otros ( CD, USB o en su defecto enviar al correo\u00a0<strong>protocolares@notariaholgado.com.pe<\/strong> )<\/li>\n \t<li>Habilidad del Abogado que autoriza minuta o solicitud.<\/li>\n<\/ul>\n<\/li>\n<\/ul><\/div>\n\t\t\t\t<\/div>\n\t\t\t\t<\/div>\n\t\t\t\t\t\t<\/div>\n\t\t\t<\/div>\n\t\t<\/div>\n\t\t\t\t\t\t<\/div>\n\t\t\t<\/div>\n\t\t<\/section>\n\t\t\t\t<section class=\"elementor-element elementor-element-a92dd85 elementor-section-boxed elementor-section-height-default elementor-section-height-default elementor-section elementor-top-section\" data-id=\"a92dd85\" data-element_type=\"section\">\n\t\t\t\t\t\t<div class=\"elementor-container elementor-column-gap-default\">\n\t\t\t\t<div class=\"elementor-row\">\n\t\t\t\t<div class=\"elementor-element elementor-element-a12b9e8 elementor-column elementor-col-100 elementor-top-column\" data-id=\"a12b9e8\" data-element_type=\"column\">\n\t\t\t<div class=\"elementor-column-wrap  elementor-element-populated\">\n\t\t\t\t\t<div class=\"elementor-widget-wrap\">\n\t\t\t\t<div class=\"elementor-element elementor-element-1faf77d elementor-widget elementor-widget-heading\" data-id=\"1faf77d\" data-element_type=\"widget\" data-widget_type=\"heading.default\">\n\t\t\t\t<div class=\"elementor-widget-container\">\n\t\t\t<h2 class=\"elementor-heading-title elementor-size-default\">REQUISITOS PARA EFECTUAR SUBDIVISI\u00d3N:<\/h2>\t\t<\/div>\n\t\t\t\t<\/div>\n\t\t\t\t<div class=\"elementor-element elementor-element-7d4907c elementor-widget elementor-widget-text-editor\" data-id=\"7d4907c\" data-element_type=\"widget\" data-widget_type=\"text-editor.default\">\n\t\t\t\t<div class=\"elementor-widget-container\">\n\t\t\t\t\t<div class=\"elementor-text-editor elementor-clearfix\"><ol><li>Minuta autorizada por Abogado habilitado.<\/li><li>Documento de Identidad de los otorgantes.<\/li><li>Resoluci\u00f3n de Subdivisi\u00f3n extendido por la Municipalidad correspondiente.<\/li><li>Plano de ubicaci\u00f3n, Plano Perim\u00e9trico y Memoria Descriptiva autorizada por Ingeniero verificador y visado por la Municipalidad correspondiente.<\/li><li>Recibo de pago del Impuesto Predial correspondiente al periodo de transferencia debiendo adjuntar formatos PU (Predio Urbano) y HR (Hoja Resumen).<\/li><li>T\u00edtulo de propiedad o Testimonio Original.<\/li><li>Certificado Registral Inmobiliario (CRI) original, con una antig\u00fcedad de no m\u00e1s de 30 d\u00edas de haber sido expedido.<\/li><\/ol><\/div>\n\t\t\t\t<\/div>\n\t\t\t\t<\/div>\n\t\t\t\t<div class=\"elementor-element elementor-element-bb7772c elementor-widget elementor-widget-alert\" data-id=\"bb7772c\" data-element_type=\"widget\" data-widget_type=\"alert.default\">\n\t\t\t\t<div class=\"elementor-widget-container\">\n\t\t\t\t\t<div class=\"elementor-alert elementor-alert-success\" role=\"alert\">\n\t\t\t<span class=\"elementor-alert-title\">Nota<\/span>\n\t\t\t\t\t\t\t\t\t\t<button type=\"button\" class=\"elementor-alert-dismiss\">\n\t\t\t\t\t<span aria-hidden=\"true\">&times;<\/span>\n\t\t\t\t\t<span class=\"elementor-screen-only\">Descartar alerta<\/span>\n\t\t\t\t<\/button>\n\t\t\t\t\t<\/div>\n\t\t\t\t<\/div>\n\t\t\t\t<\/div>\n\t\t\t\t\t\t<\/div>\n\t\t\t<\/div>\n\t\t<\/div>\n\t\t\t\t\t\t<\/div>\n\t\t\t<\/div>\n\t\t<\/section>\n\t\t\t\t\t\t<\/div>\n\t\t\t<\/div>\n\t\t<\/div>\n\t\t","protected":false},"excerpt":{"rendered":"<p>REQUISITOS PARA TOMAR EN CUENTA EN TODOS LOS ACTOS: Clientes de la tercera edad: la Notaria a discrecionalidad y de considerarlo necesario podr\u00e1 requerir, certificado de Salud Mental otorgado por M\u00e9dico Neur\u00f3logo o Psiquiatra, visado por la Direcci\u00f3n Regional de <a href=\"https:\/\/notariaholgado.com.pe\/?page_id=1136\" class=\"read-more\">Seguir Leyendo&#8230;<\/a><\/p>\n","protected":false},"author":1,"featured_media":0,"parent":0,"menu_order":0,"comment_status":"closed","ping_status":"closed","template":"","meta":{"footnotes":""},"class_list":["post-1136","page","type-page","status-publish","hentry"],"_links":{"self":[{"href":"https:\/\/notariaholgado.com.pe\/index.php?rest_route=\/wp\/v2\/pages\/1136"}],"collection":[{"href":"https:\/\/notariaholgado.com.pe\/index.php?rest_route=\/wp\/v2\/pages"}],"about":[{"href":"https:\/\/notariaholgado.com.pe\/index.php?rest_route=\/wp\/v2\/types\/page"}],"author":[{"embeddable":true,"href":"https:\/\/notariaholgado.com.pe\/index.php?rest_route=\/wp\/v2\/users\/1"}],"replies":[{"embeddable":true,"href":"https:\/\/notariaholgado.com.pe\/index.php?rest_route=%2Fwp%2Fv2%2Fcomments&post=1136"}],"version-history":[{"count":6,"href":"https:\/\/notariaholgado.com.pe\/index.php?rest_route=\/wp\/v2\/pages\/1136\/revisions"}],"predecessor-version":[{"id":1552,"href":"https:\/\/notariaholgado.com.pe\/index.php?rest_route=\/wp\/v2\/pages\/1136\/revisions\/1552"}],"wp:attachment":[{"href":"https:\/\/notariaholgado.com.pe\/index.php?rest_route=%2Fwp%2Fv2%2Fmedia&parent=1136"}],"curies":[{"name":"wp","href":"https:\/\/api.w.org\/{rel}","templated":true}]}}