{"id":1055,"date":"2020-05-19T03:47:31","date_gmt":"2020-05-19T03:47:31","guid":{"rendered":"http:\/\/notariaholgado.com.pe\/?page_id=1055"},"modified":"2020-06-01T04:08:55","modified_gmt":"2020-06-01T04:08:55","slug":"elementor-1055","status":"publish","type":"page","link":"https:\/\/notariaholgado.com.pe\/?page_id=1055","title":{"rendered":"COMPRA VENTA DE BIEN INMUEBLE"},"content":{"rendered":"\t\t<div data-elementor-type=\"wp-page\" data-elementor-id=\"1055\" class=\"elementor elementor-1055\" data-elementor-settings=\"[]\">\n\t\t\t<div class=\"elementor-inner\">\n\t\t\t\t<div class=\"elementor-section-wrap\">\n\t\t\t\t\t\t\t<section class=\"elementor-element elementor-element-7530166 elementor-section-boxed elementor-section-height-default elementor-section-height-default elementor-section elementor-top-section\" data-id=\"7530166\" data-element_type=\"section\">\n\t\t\t\t\t\t<div class=\"elementor-container elementor-column-gap-default\">\n\t\t\t\t<div class=\"elementor-row\">\n\t\t\t\t<div class=\"elementor-element elementor-element-d4168ad elementor-column elementor-col-100 elementor-top-column\" data-id=\"d4168ad\" data-element_type=\"column\">\n\t\t\t<div class=\"elementor-column-wrap  elementor-element-populated\">\n\t\t\t\t\t<div class=\"elementor-widget-wrap\">\n\t\t\t\t<div class=\"elementor-element elementor-element-4c8ffb1 elementor-widget elementor-widget-heading\" data-id=\"4c8ffb1\" data-element_type=\"widget\" data-widget_type=\"heading.default\">\n\t\t\t\t<div class=\"elementor-widget-container\">\n\t\t\t<h2 class=\"elementor-heading-title elementor-size-default\">REQUISITOS PARA TOMAR EN CUENTA EN TODOS LOS ACTOS:<\/h2>\t\t<\/div>\n\t\t\t\t<\/div>\n\t\t\t\t<div class=\"elementor-element elementor-element-734eb35 elementor-widget elementor-widget-text-editor\" data-id=\"734eb35\" data-element_type=\"widget\" data-widget_type=\"text-editor.default\">\n\t\t\t\t<div class=\"elementor-widget-container\">\n\t\t\t\t\t<div class=\"elementor-text-editor elementor-clearfix\"><ul>\n \t<li style=\"list-style-type: none;\">\n<ul>\n \t<li>Clientes de la tercera edad: la Notaria a discrecionalidad y de considerarlo necesario podr\u00e1 requerir, certificado de Salud Mental otorgado por M\u00e9dico Neur\u00f3logo o Psiquiatra, visado por la Direcci\u00f3n Regional de Salud, en ella se deber\u00e1 acreditar que el otorgante se encuentra mentalmente sano, en pleno uso de sus facultades mentales, orientado en tiempo y espacio.<\/li>\n \t<li>Clientes que act\u00faen mediante representaci\u00f3n: Adjuntar testimonio original de la Escritura de Poder y Vigencia de Poder original con una antig\u00fcedad no mayor a 30 d\u00edas de haber sido emitida.<\/li>\n \t<li>Clientes iletrados: Deber\u00e1n estar acompa\u00f1ados de un Testigo a Ruego.<\/li>\n \t<li>Clientes extranjeros: Deber\u00e1n presentar Carn\u00e9 de extranjer\u00eda y\/o pasaporte con autorizaci\u00f3n para suscribir contratos en el Per\u00fa, adicionalmente de ser necesario y a criterio de la Notaria deber\u00e1 presentar C\u00e9dula de Identificaci\u00f3n del pa\u00eds de origen e intervenci\u00f3n de testigos de identidad.<\/li>\n \t<li>Documento Nacional de Identidad vigente y con holograma de sufragio o en su defecto que el titular no cuente con multas electorales; en caso el Documento Nacional de Identidad se encuentre caduco deber\u00e1 presentar voucher de tr\u00e1mite de renovaci\u00f3n.<\/li>\n \t<li>Formato virtual de minuta o solicitud y\/o acta u otros ( CD, USB o en su defecto enviar al correo\u00a0<strong>protocolares@notariaholgado.com.pe<\/strong> )<\/li>\n \t<li>Habilidad del Abogado que autoriza minuta o solicitud.<\/li>\n<\/ul>\n<\/li>\n<\/ul><\/div>\n\t\t\t\t<\/div>\n\t\t\t\t<\/div>\n\t\t\t\t\t\t<\/div>\n\t\t\t<\/div>\n\t\t<\/div>\n\t\t\t\t\t\t<\/div>\n\t\t\t<\/div>\n\t\t<\/section>\n\t\t\t\t<section class=\"elementor-element elementor-element-db35865 elementor-section-boxed elementor-section-height-default elementor-section-height-default elementor-section elementor-top-section\" data-id=\"db35865\" data-element_type=\"section\">\n\t\t\t\t\t\t<div class=\"elementor-container elementor-column-gap-default\">\n\t\t\t\t<div class=\"elementor-row\">\n\t\t\t\t<div class=\"elementor-element elementor-element-1f4c0d9 elementor-column elementor-col-100 elementor-top-column\" data-id=\"1f4c0d9\" data-element_type=\"column\">\n\t\t\t<div class=\"elementor-column-wrap  elementor-element-populated\">\n\t\t\t\t\t<div class=\"elementor-widget-wrap\">\n\t\t\t\t<div class=\"elementor-element elementor-element-1c416f5 elementor-widget elementor-widget-heading\" data-id=\"1c416f5\" data-element_type=\"widget\" data-widget_type=\"heading.default\">\n\t\t\t\t<div class=\"elementor-widget-container\">\n\t\t\t<h2 class=\"elementor-heading-title elementor-size-default\">REQUISITOS PARA EFECTUAR COMPRA VENTA DE BIEN INMUEBLE PERSONAS NATURALES:<\/h2>\t\t<\/div>\n\t\t\t\t<\/div>\n\t\t\t\t<div class=\"elementor-element elementor-element-b51378d elementor-widget elementor-widget-text-editor\" data-id=\"b51378d\" data-element_type=\"widget\" data-widget_type=\"text-editor.default\">\n\t\t\t\t<div class=\"elementor-widget-container\">\n\t\t\t\t\t<div class=\"elementor-text-editor elementor-clearfix\"><ol><li>Minuta autorizada por Abogado habilitado.<\/li><li>Documento de Identidad de Vendedor(es) y Comprador(es).<\/li><li>Certificado Registral Inmobiliario (CRI) original con una antig\u00fcedad de no m\u00e1s de 30 d\u00edas de haber sido expedido.\u00a0<\/li><li>Testimonio o T\u00edtulo de Propiedad del vendedor.<\/li><li>Recibo de pago del Impuesto Predial correspondiente al periodo de transferencia debiendo adjuntar formatos PU (Predio Urbano) y HR (Hoja Resumen).<\/li><li>Medio de pago: voucher de dep\u00f3sito, transferencia entre cuentas o Cheque (de preferencia cheque de gerencia no negociable).<\/li><li>Recibo de pago del Impuesto de Alcabala* efectuado por el\/los Comprador\/es.<\/li><li>Recibo de pago del Impuesto a la Renta** de Segunda Categor\u00eda efectuado por el\/los Vendedor\/es.<\/li><\/ol><\/div>\n\t\t\t\t<\/div>\n\t\t\t\t<\/div>\n\t\t\t\t<div class=\"elementor-element elementor-element-bf70726 elementor-widget elementor-widget-alert\" data-id=\"bf70726\" data-element_type=\"widget\" data-widget_type=\"alert.default\">\n\t\t\t\t<div class=\"elementor-widget-container\">\n\t\t\t\t\t<div class=\"elementor-alert elementor-alert-success\" role=\"alert\">\n\t\t\t<span class=\"elementor-alert-title\">Nota<\/span>\n\t\t\t\t\t\t\t<span class=\"elementor-alert-description\">*En caso la compra venta del inmueble no supere el tramo de las 10 UIT\u00b4s, no corresponder\u00e1 el pago de Impuesto de Alcabala. \n\n**En caso, la adquisici\u00f3n del inmueble materia de compra venta se haya producido con anterioridad al 01\/01\/2004 no corresponder\u00e1 el pago del Impuesto a la Renta de Segunda Categor\u00eda.<\/span>\n\t\t\t\t\t\t\t\t\t\t<button type=\"button\" class=\"elementor-alert-dismiss\">\n\t\t\t\t\t<span aria-hidden=\"true\">&times;<\/span>\n\t\t\t\t\t<span class=\"elementor-screen-only\">Descartar alerta<\/span>\n\t\t\t\t<\/button>\n\t\t\t\t\t<\/div>\n\t\t\t\t<\/div>\n\t\t\t\t<\/div>\n\t\t\t\t\t\t<\/div>\n\t\t\t<\/div>\n\t\t<\/div>\n\t\t\t\t\t\t<\/div>\n\t\t\t<\/div>\n\t\t<\/section>\n\t\t\t\t<section class=\"elementor-element elementor-element-c79ade7 elementor-section-boxed elementor-section-height-default elementor-section-height-default elementor-section elementor-top-section\" data-id=\"c79ade7\" data-element_type=\"section\">\n\t\t\t\t\t\t<div class=\"elementor-container elementor-column-gap-default\">\n\t\t\t\t<div class=\"elementor-row\">\n\t\t\t\t<div class=\"elementor-element elementor-element-43576c1 elementor-column elementor-col-100 elementor-top-column\" data-id=\"43576c1\" data-element_type=\"column\">\n\t\t\t<div class=\"elementor-column-wrap  elementor-element-populated\">\n\t\t\t\t\t<div class=\"elementor-widget-wrap\">\n\t\t\t\t<div class=\"elementor-element elementor-element-d19db29 elementor-widget elementor-widget-heading\" data-id=\"d19db29\" data-element_type=\"widget\" data-widget_type=\"heading.default\">\n\t\t\t\t<div class=\"elementor-widget-container\">\n\t\t\t<h2 class=\"elementor-heading-title elementor-size-default\">REQUISITOS PARA EFECTUAR COMPRA VENTA DE BIEN INMUEBLE PERSONAS JUR\u00cdDICAS:<\/h2>\t\t<\/div>\n\t\t\t\t<\/div>\n\t\t\t\t<div class=\"elementor-element elementor-element-9fbeb8f elementor-widget elementor-widget-text-editor\" data-id=\"9fbeb8f\" data-element_type=\"widget\" data-widget_type=\"text-editor.default\">\n\t\t\t\t<div class=\"elementor-widget-container\">\n\t\t\t\t\t<div class=\"elementor-text-editor elementor-clearfix\"><ol><li>Minuta autorizada por Abogado habilitado.<\/li><li>Documento de Identidad de Vendedor(es) y Comprador(es).<\/li><li>Certificado Registral Inmobiliario (CRI) original con una antig\u00fcedad de no m\u00e1s de 30 d\u00edas de haber sido expedido.<\/li><li>Testimonio o T\u00edtulo de Propiedad del vendedor.<\/li><li>Vigencia de Poder original del representante de la empresa, con una antig\u00fcedad de no m\u00e1s de 30 d\u00edas de haber sido expedido.<\/li><li>Copia del Testimonio de la Escritura P\u00fablica de constituci\u00f3n.<\/li><li>Recibo de pago del Impuesto Predial correspondiente al periodo de transferencia debiendo adjuntar formatos PU (Predio Urbano) y HR (Hoja Resumen).<\/li><li>Medio de pago: voucher de dep\u00f3sito, transferencia entre cuentas o Cheque (de preferencia cheque de gerencia no negociable), efectuado en la cuenta o a nombre de la persona jur\u00eddica.\u00a0<\/li><li>Boletas o facturas emitidas por la venta efectuada.<\/li><li>Recibo de pago \/ Constancia de pago de Detracci\u00f3n.<\/li><li>Comunicaci\u00f3n de no encontrarse obligado al pago de Impuesto a la Renta de Segunda Categor\u00eda suscrita por el representante de la persona jur\u00eddica.<\/li><li>En caso se act\u00fae a trav\u00e9s de Apoderado, presentar Testimonio Original de otorgamiento de Poder y Vigencia de Poder original con una antig\u00fcedad de no m\u00e1s de 30 d\u00edas de haber sido expedido.<\/li><\/ol><\/div>\n\t\t\t\t<\/div>\n\t\t\t\t<\/div>\n\t\t\t\t<div class=\"elementor-element elementor-element-a78c163 elementor-widget elementor-widget-alert\" data-id=\"a78c163\" data-element_type=\"widget\" data-widget_type=\"alert.default\">\n\t\t\t\t<div class=\"elementor-widget-container\">\n\t\t\t\t\t<div class=\"elementor-alert elementor-alert-success\" role=\"alert\">\n\t\t\t<span class=\"elementor-alert-title\">Nota<\/span>\n\t\t\t\t\t\t\t<span class=\"elementor-alert-description\">*En caso que la persona jur\u00eddica enajenante sea \u201cempresa constructora\u201d y realice \u201cprimera venta del inmueble\u201d, no corresponder\u00e1 el pago del Impuesto de Alcabala.<\/span>\n\t\t\t\t\t\t\t\t\t\t<button type=\"button\" class=\"elementor-alert-dismiss\">\n\t\t\t\t\t<span aria-hidden=\"true\">&times;<\/span>\n\t\t\t\t\t<span class=\"elementor-screen-only\">Descartar alerta<\/span>\n\t\t\t\t<\/button>\n\t\t\t\t\t<\/div>\n\t\t\t\t<\/div>\n\t\t\t\t<\/div>\n\t\t\t\t\t\t<\/div>\n\t\t\t<\/div>\n\t\t<\/div>\n\t\t\t\t\t\t<\/div>\n\t\t\t<\/div>\n\t\t<\/section>\n\t\t\t\t\t\t<\/div>\n\t\t\t<\/div>\n\t\t<\/div>\n\t\t","protected":false},"excerpt":{"rendered":"<p>REQUISITOS PARA TOMAR EN CUENTA EN TODOS LOS ACTOS: Clientes de la tercera edad: la Notaria a discrecionalidad y de considerarlo necesario podr\u00e1 requerir, certificado de Salud Mental otorgado por M\u00e9dico Neur\u00f3logo o Psiquiatra, visado por la Direcci\u00f3n Regional de <a href=\"https:\/\/notariaholgado.com.pe\/?page_id=1055\" class=\"read-more\">Seguir Leyendo&#8230;<\/a><\/p>\n","protected":false},"author":1,"featured_media":0,"parent":0,"menu_order":0,"comment_status":"closed","ping_status":"closed","template":"","meta":{"footnotes":""},"class_list":["post-1055","page","type-page","status-publish","hentry"],"_links":{"self":[{"href":"https:\/\/notariaholgado.com.pe\/index.php?rest_route=\/wp\/v2\/pages\/1055"}],"collection":[{"href":"https:\/\/notariaholgado.com.pe\/index.php?rest_route=\/wp\/v2\/pages"}],"about":[{"href":"https:\/\/notariaholgado.com.pe\/index.php?rest_route=\/wp\/v2\/types\/page"}],"author":[{"embeddable":true,"href":"https:\/\/notariaholgado.com.pe\/index.php?rest_route=\/wp\/v2\/users\/1"}],"replies":[{"embeddable":true,"href":"https:\/\/notariaholgado.com.pe\/index.php?rest_route=%2Fwp%2Fv2%2Fcomments&post=1055"}],"version-history":[{"count":11,"href":"https:\/\/notariaholgado.com.pe\/index.php?rest_route=\/wp\/v2\/pages\/1055\/revisions"}],"predecessor-version":[{"id":1534,"href":"https:\/\/notariaholgado.com.pe\/index.php?rest_route=\/wp\/v2\/pages\/1055\/revisions\/1534"}],"wp:attachment":[{"href":"https:\/\/notariaholgado.com.pe\/index.php?rest_route=%2Fwp%2Fv2%2Fmedia&parent=1055"}],"curies":[{"name":"wp","href":"https:\/\/api.w.org\/{rel}","templated":true}]}}